{"id":155,"date":"2025-10-02T09:59:11","date_gmt":"2025-10-02T09:59:11","guid":{"rendered":"https:\/\/led.org.pl\/?page_id=155"},"modified":"2025-10-07T08:56:29","modified_gmt":"2025-10-07T08:56:29","slug":"sprawozdania","status":"publish","type":"page","link":"https:\/\/led.org.pl\/index.php\/sprawozdania\/","title":{"rendered":"Sprawozdania\u00a0"},"content":{"rendered":"\n<p><br>Sprawozdanie z dzia\u0142alno\u015bci stowarzyszenia za rok 2024 znajduje si\u0119 w za\u0142\u0105czonym dokumencie:<\/p>\n\n\n\n<p><\/p>\n\n\n","protected":false},"excerpt":{"rendered":"<p>Sprawozdanie z dzia\u0142alno\u015bci stowarzyszenia za rok 2024 znajduje si\u0119 w za\u0142\u0105czonym dokumencie:<\/p>\n","protected":false},"author":1,"featured_media":0,"parent":0,"menu_order":0,"comment_status":"closed","ping_status":"closed","template":"","meta":{"saved_in_kubio":true,"footnotes":""},"class_list":["post-155","page","type-page","status-publish","hentry"],"kubio_ai_page_context":{"short_desc":"","purpose":"general"},"_links":{"self":[{"href":"https:\/\/led.org.pl\/index.php\/wp-json\/wp\/v2\/pages\/155","targetHints":{"allow":["GET"]}}],"collection":[{"href":"https:\/\/led.org.pl\/index.php\/wp-json\/wp\/v2\/pages"}],"about":[{"href":"https:\/\/led.org.pl\/index.php\/wp-json\/wp\/v2\/types\/page"}],"author":[{"embeddable":true,"href":"https:\/\/led.org.pl\/index.php\/wp-json\/wp\/v2\/users\/1"}],"replies":[{"embeddable":true,"href":"https:\/\/led.org.pl\/index.php\/wp-json\/wp\/v2\/comments?post=155"}],"version-history":[{"count":4,"href":"https:\/\/led.org.pl\/index.php\/wp-json\/wp\/v2\/pages\/155\/revisions"}],"predecessor-version":[{"id":168,"href":"https:\/\/led.org.pl\/index.php\/wp-json\/wp\/v2\/pages\/155\/revisions\/168"}],"wp:attachment":[{"href":"https:\/\/led.org.pl\/index.php\/wp-json\/wp\/v2\/media?parent=155"}],"curies":[{"name":"wp","href":"https:\/\/api.w.org\/{rel}","templated":true}]}}